{"id":687,"date":"2022-09-23T00:44:51","date_gmt":"2022-09-23T00:44:51","guid":{"rendered":"https:\/\/intellego.edu.gt\/zonaescolar\/?post_type=product&#038;p=687"},"modified":"2026-04-29T18:08:37","modified_gmt":"2026-04-29T18:08:37","slug":"polo-preprimaria","status":"publish","type":"product","link":"https:\/\/intellego.edu.gt\/zonaescolar\/product\/polo-preprimaria\/","title":{"rendered":"Polo Preprimaria"},"content":{"rendered":"<p>Polo, elaborada en piqu\u00e9 mezcla, 60% algod\u00f3n 40% poli\u00e9ster<\/p>\n","protected":false},"excerpt":{"rendered":"<p>Polo para ni\u00f1os y ni\u00f1as de 2 a 5 a\u00f1os (Nursery a Kinder)<\/p>\n","protected":false},"featured_media":24,"comment_status":"closed","ping_status":"closed","template":"","meta":{"nf_dc_page":""},"product_brand":[],"product_cat":[16],"product_tag":[],"class_list":{"0":"post-687","1":"product","2":"type-product","3":"status-publish","4":"has-post-thumbnail","6":"product_cat-uniformes","8":"first","9":"instock","10":"shipping-taxable","11":"purchasable","12":"product-type-variable"},"yoast_head":"<!-- This site is optimized with the Yoast SEO plugin v27.5 - https:\/\/yoast.com\/product\/yoast-seo-wordpress\/ -->\n<title>Polo Preprimaria - Zona Escolar<\/title>\n<meta name=\"robots\" content=\"index, follow, max-snippet:-1, max-image-preview:large, max-video-preview:-1\" \/>\n<link rel=\"canonical\" href=\"https:\/\/intellego.edu.gt\/zonaescolar\/product\/polo-preprimaria\/\" \/>\n<meta property=\"og:locale\" content=\"es_MX\" \/>\n<meta property=\"og:type\" content=\"article\" \/>\n<meta property=\"og:title\" content=\"Polo Preprimaria - Zona Escolar\" \/>\n<meta property=\"og:description\" content=\"Polo para ni\u00f1os y ni\u00f1as de 2 a 5 a\u00f1os (Nursery a Kinder)\" \/>\n<meta property=\"og:url\" content=\"https:\/\/intellego.edu.gt\/zonaescolar\/product\/polo-preprimaria\/\" \/>\n<meta property=\"og:site_name\" content=\"Zona Escolar\" \/>\n<meta property=\"article:modified_time\" content=\"2026-04-29T18:08:37+00:00\" \/>\n<meta property=\"og:image\" content=\"https:\/\/intellego.edu.gt\/zonaescolar\/wp-content\/uploads\/2022\/09\/IMG10.jpg\" \/>\n\t<meta property=\"og:image:width\" content=\"707\" \/>\n\t<meta property=\"og:image:height\" content=\"1095\" \/>\n\t<meta property=\"og:image:type\" content=\"image\/jpeg\" \/>\n<meta name=\"twitter:card\" content=\"summary_large_image\" \/>\n<meta name=\"twitter:label1\" content=\"Tiempo de lectura\" \/>\n\t<meta name=\"twitter:data1\" content=\"1 minuto\" \/>\n<script type=\"application\/ld+json\" class=\"yoast-schema-graph\">{\"@context\":\"https:\\\/\\\/schema.org\",\"@graph\":[{\"@type\":\"WebPage\",\"@id\":\"https:\\\/\\\/intellego.edu.gt\\\/zonaescolar\\\/product\\\/polo-preprimaria\\\/\",\"url\":\"https:\\\/\\\/intellego.edu.gt\\\/zonaescolar\\\/product\\\/polo-preprimaria\\\/\",\"name\":\"Polo Preprimaria - Zona Escolar\",\"isPartOf\":{\"@id\":\"https:\\\/\\\/intellego.edu.gt\\\/zonaescolar\\\/#website\"},\"primaryImageOfPage\":{\"@id\":\"https:\\\/\\\/intellego.edu.gt\\\/zonaescolar\\\/product\\\/polo-preprimaria\\\/#primaryimage\"},\"image\":{\"@id\":\"https:\\\/\\\/intellego.edu.gt\\\/zonaescolar\\\/product\\\/polo-preprimaria\\\/#primaryimage\"},\"thumbnailUrl\":\"https:\\\/\\\/i0.wp.com\\\/intellego.edu.gt\\\/zonaescolar\\\/wp-content\\\/uploads\\\/2022\\\/09\\\/IMG10.jpg?fit=707%2C1095&ssl=1\",\"datePublished\":\"2022-09-23T00:44:51+00:00\",\"dateModified\":\"2026-04-29T18:08:37+00:00\",\"breadcrumb\":{\"@id\":\"https:\\\/\\\/intellego.edu.gt\\\/zonaescolar\\\/product\\\/polo-preprimaria\\\/#breadcrumb\"},\"inLanguage\":\"es\",\"potentialAction\":[{\"@type\":\"ReadAction\",\"target\":[\"https:\\\/\\\/intellego.edu.gt\\\/zonaescolar\\\/product\\\/polo-preprimaria\\\/\"]}]},{\"@type\":\"ImageObject\",\"inLanguage\":\"es\",\"@id\":\"https:\\\/\\\/intellego.edu.gt\\\/zonaescolar\\\/product\\\/polo-preprimaria\\\/#primaryimage\",\"url\":\"https:\\\/\\\/i0.wp.com\\\/intellego.edu.gt\\\/zonaescolar\\\/wp-content\\\/uploads\\\/2022\\\/09\\\/IMG10.jpg?fit=707%2C1095&ssl=1\",\"contentUrl\":\"https:\\\/\\\/i0.wp.com\\\/intellego.edu.gt\\\/zonaescolar\\\/wp-content\\\/uploads\\\/2022\\\/09\\\/IMG10.jpg?fit=707%2C1095&ssl=1\",\"width\":707,\"height\":1095},{\"@type\":\"BreadcrumbList\",\"@id\":\"https:\\\/\\\/intellego.edu.gt\\\/zonaescolar\\\/product\\\/polo-preprimaria\\\/#breadcrumb\",\"itemListElement\":[{\"@type\":\"ListItem\",\"position\":1,\"name\":\"Home\",\"item\":\"https:\\\/\\\/intellego.edu.gt\\\/zonaescolar\\\/\"},{\"@type\":\"ListItem\",\"position\":2,\"name\":\"Shop\",\"item\":\"https:\\\/\\\/intellego.edu.gt\\\/zonaescolar\\\/\"},{\"@type\":\"ListItem\",\"position\":3,\"name\":\"Polo Preprimaria\"}]},{\"@type\":\"WebSite\",\"@id\":\"https:\\\/\\\/intellego.edu.gt\\\/zonaescolar\\\/#website\",\"url\":\"https:\\\/\\\/intellego.edu.gt\\\/zonaescolar\\\/\",\"name\":\"Zona Escolar\",\"description\":\"Utiles Escolares\",\"publisher\":{\"@id\":\"https:\\\/\\\/intellego.edu.gt\\\/zonaescolar\\\/#organization\"},\"potentialAction\":[{\"@type\":\"SearchAction\",\"target\":{\"@type\":\"EntryPoint\",\"urlTemplate\":\"https:\\\/\\\/intellego.edu.gt\\\/zonaescolar\\\/?s={search_term_string}\"},\"query-input\":{\"@type\":\"PropertyValueSpecification\",\"valueRequired\":true,\"valueName\":\"search_term_string\"}}],\"inLanguage\":\"es\"},{\"@type\":\"Organization\",\"@id\":\"https:\\\/\\\/intellego.edu.gt\\\/zonaescolar\\\/#organization\",\"name\":\"Zona Escolar\",\"url\":\"https:\\\/\\\/intellego.edu.gt\\\/zonaescolar\\\/\",\"logo\":{\"@type\":\"ImageObject\",\"inLanguage\":\"es\",\"@id\":\"https:\\\/\\\/intellego.edu.gt\\\/zonaescolar\\\/#\\\/schema\\\/logo\\\/image\\\/\",\"url\":\"https:\\\/\\\/i0.wp.com\\\/intellego.edu.gt\\\/zonaescolar\\\/wp-content\\\/uploads\\\/2022\\\/10\\\/WhatsApp-Image-2022-10-17-at-12.37.08-PM.jpeg?fit=500%2C500&ssl=1\",\"contentUrl\":\"https:\\\/\\\/i0.wp.com\\\/intellego.edu.gt\\\/zonaescolar\\\/wp-content\\\/uploads\\\/2022\\\/10\\\/WhatsApp-Image-2022-10-17-at-12.37.08-PM.jpeg?fit=500%2C500&ssl=1\",\"width\":500,\"height\":500,\"caption\":\"Zona Escolar\"},\"image\":{\"@id\":\"https:\\\/\\\/intellego.edu.gt\\\/zonaescolar\\\/#\\\/schema\\\/logo\\\/image\\\/\"}}]}<\/script>\n<!-- \/ Yoast SEO plugin. -->","yoast_head_json":{"title":"Polo Preprimaria - Zona Escolar","robots":{"index":"index","follow":"follow","max-snippet":"max-snippet:-1","max-image-preview":"max-image-preview:large","max-video-preview":"max-video-preview:-1"},"canonical":"https:\/\/intellego.edu.gt\/zonaescolar\/product\/polo-preprimaria\/","og_locale":"es_MX","og_type":"article","og_title":"Polo Preprimaria - Zona Escolar","og_description":"Polo para ni\u00f1os y ni\u00f1as de 2 a 5 a\u00f1os (Nursery a Kinder)","og_url":"https:\/\/intellego.edu.gt\/zonaescolar\/product\/polo-preprimaria\/","og_site_name":"Zona Escolar","article_modified_time":"2026-04-29T18:08:37+00:00","og_image":[{"width":707,"height":1095,"url":"https:\/\/intellego.edu.gt\/zonaescolar\/wp-content\/uploads\/2022\/09\/IMG10.jpg","type":"image\/jpeg"}],"twitter_card":"summary_large_image","twitter_misc":{"Tiempo de lectura":"1 minuto"},"schema":{"@context":"https:\/\/schema.org","@graph":[{"@type":"WebPage","@id":"https:\/\/intellego.edu.gt\/zonaescolar\/product\/polo-preprimaria\/","url":"https:\/\/intellego.edu.gt\/zonaescolar\/product\/polo-preprimaria\/","name":"Polo Preprimaria - Zona Escolar","isPartOf":{"@id":"https:\/\/intellego.edu.gt\/zonaescolar\/#website"},"primaryImageOfPage":{"@id":"https:\/\/intellego.edu.gt\/zonaescolar\/product\/polo-preprimaria\/#primaryimage"},"image":{"@id":"https:\/\/intellego.edu.gt\/zonaescolar\/product\/polo-preprimaria\/#primaryimage"},"thumbnailUrl":"https:\/\/i0.wp.com\/intellego.edu.gt\/zonaescolar\/wp-content\/uploads\/2022\/09\/IMG10.jpg?fit=707%2C1095&ssl=1","datePublished":"2022-09-23T00:44:51+00:00","dateModified":"2026-04-29T18:08:37+00:00","breadcrumb":{"@id":"https:\/\/intellego.edu.gt\/zonaescolar\/product\/polo-preprimaria\/#breadcrumb"},"inLanguage":"es","potentialAction":[{"@type":"ReadAction","target":["https:\/\/intellego.edu.gt\/zonaescolar\/product\/polo-preprimaria\/"]}]},{"@type":"ImageObject","inLanguage":"es","@id":"https:\/\/intellego.edu.gt\/zonaescolar\/product\/polo-preprimaria\/#primaryimage","url":"https:\/\/i0.wp.com\/intellego.edu.gt\/zonaescolar\/wp-content\/uploads\/2022\/09\/IMG10.jpg?fit=707%2C1095&ssl=1","contentUrl":"https:\/\/i0.wp.com\/intellego.edu.gt\/zonaescolar\/wp-content\/uploads\/2022\/09\/IMG10.jpg?fit=707%2C1095&ssl=1","width":707,"height":1095},{"@type":"BreadcrumbList","@id":"https:\/\/intellego.edu.gt\/zonaescolar\/product\/polo-preprimaria\/#breadcrumb","itemListElement":[{"@type":"ListItem","position":1,"name":"Home","item":"https:\/\/intellego.edu.gt\/zonaescolar\/"},{"@type":"ListItem","position":2,"name":"Shop","item":"https:\/\/intellego.edu.gt\/zonaescolar\/"},{"@type":"ListItem","position":3,"name":"Polo Preprimaria"}]},{"@type":"WebSite","@id":"https:\/\/intellego.edu.gt\/zonaescolar\/#website","url":"https:\/\/intellego.edu.gt\/zonaescolar\/","name":"Zona Escolar","description":"Utiles Escolares","publisher":{"@id":"https:\/\/intellego.edu.gt\/zonaescolar\/#organization"},"potentialAction":[{"@type":"SearchAction","target":{"@type":"EntryPoint","urlTemplate":"https:\/\/intellego.edu.gt\/zonaescolar\/?s={search_term_string}"},"query-input":{"@type":"PropertyValueSpecification","valueRequired":true,"valueName":"search_term_string"}}],"inLanguage":"es"},{"@type":"Organization","@id":"https:\/\/intellego.edu.gt\/zonaescolar\/#organization","name":"Zona Escolar","url":"https:\/\/intellego.edu.gt\/zonaescolar\/","logo":{"@type":"ImageObject","inLanguage":"es","@id":"https:\/\/intellego.edu.gt\/zonaescolar\/#\/schema\/logo\/image\/","url":"https:\/\/i0.wp.com\/intellego.edu.gt\/zonaescolar\/wp-content\/uploads\/2022\/10\/WhatsApp-Image-2022-10-17-at-12.37.08-PM.jpeg?fit=500%2C500&ssl=1","contentUrl":"https:\/\/i0.wp.com\/intellego.edu.gt\/zonaescolar\/wp-content\/uploads\/2022\/10\/WhatsApp-Image-2022-10-17-at-12.37.08-PM.jpeg?fit=500%2C500&ssl=1","width":500,"height":500,"caption":"Zona Escolar"},"image":{"@id":"https:\/\/intellego.edu.gt\/zonaescolar\/#\/schema\/logo\/image\/"}}]}},"jetpack_sharing_enabled":true,"_links":{"self":[{"href":"https:\/\/intellego.edu.gt\/zonaescolar\/wp-json\/wp\/v2\/product\/687","targetHints":{"allow":["GET"]}}],"collection":[{"href":"https:\/\/intellego.edu.gt\/zonaescolar\/wp-json\/wp\/v2\/product"}],"about":[{"href":"https:\/\/intellego.edu.gt\/zonaescolar\/wp-json\/wp\/v2\/types\/product"}],"replies":[{"embeddable":true,"href":"https:\/\/intellego.edu.gt\/zonaescolar\/wp-json\/wp\/v2\/comments?post=687"}],"wp:featuredmedia":[{"embeddable":true,"href":"https:\/\/intellego.edu.gt\/zonaescolar\/wp-json\/wp\/v2\/media\/24"}],"wp:attachment":[{"href":"https:\/\/intellego.edu.gt\/zonaescolar\/wp-json\/wp\/v2\/media?parent=687"}],"wp:term":[{"taxonomy":"product_brand","embeddable":true,"href":"https:\/\/intellego.edu.gt\/zonaescolar\/wp-json\/wp\/v2\/product_brand?post=687"},{"taxonomy":"product_cat","embeddable":true,"href":"https:\/\/intellego.edu.gt\/zonaescolar\/wp-json\/wp\/v2\/product_cat?post=687"},{"taxonomy":"product_tag","embeddable":true,"href":"https:\/\/intellego.edu.gt\/zonaescolar\/wp-json\/wp\/v2\/product_tag?post=687"}],"curies":[{"name":"wp","href":"https:\/\/api.w.org\/{rel}","templated":true}]}}